{"id":14,"date":"2015-03-16T20:42:41","date_gmt":"2015-03-16T20:42:41","guid":{"rendered":"http:\/\/new.dottorezioscarpanti.it\/?page_id=14"},"modified":"2024-02-29T17:28:05","modified_gmt":"2024-02-29T17:28:05","slug":"alimentazione-e-benessere","status":"publish","type":"page","link":"https:\/\/www.dottorezioscarpanti.it\/?page_id=14","title":{"rendered":"Alimentazione e Benessere"},"content":{"rendered":"<div class=\"wpb-content-wrapper\"><p>[vc_row][vc_column][vc_single_image image=&#8221;78&#8243; img_size=&#8221;full&#8221; alignment=&#8221;center&#8221;][vc_column_text]<!--vcv no format--><\/p>\n<div class=\"vce-row-container\">\n<div id=\"el-7ad11414\" class=\"vce-row vce-row--col-gap-30 vce-row-columns--top vce-row-content--top\" data-vce-do-apply=\"all el-7ad11414\">\n<div class=\"vce-row-content\" data-vce-element-content=\"true\">\n<div id=\"el-6910041f\" class=\"vce-col vce-col--md-auto vce-col--xs-1 vce-col--xs-last vce-col--xs-first vce-col--sm-last vce-col--sm-first vce-col--md-last vce-col--lg-last vce-col--xl-last vce-col--md-first vce-col--lg-first vce-col--xl-first\">\n<div class=\"vce-col-inner\" data-vce-do-apply=\"border margin background el-6910041f\">\n<div class=\"vce-col-content\" data-vce-element-content=\"true\" data-vce-do-apply=\"padding el-6910041f\">\n<div class=\"vce-single-image-container vce-single-image--align-left\">\n<div id=\"el-ac6d3c69\" class=\"vce vce-single-image-wrapper\" data-vce-do-apply=\"all el-ac6d3c69\"><\/div>\n<\/div>\n<div class=\"vce-text-block\">\n<div id=\"el-79100f1b\" class=\"vce-text-block-wrapper vce\" data-vce-do-apply=\"all el-79100f1b\">\n<p>L&#8217;uomo pu\u00f2 essere definito come il prodotto della sua nutrizione: &#8220;Siamo quello che mangiamo&#8221;. \u00c9 attraverso l&#8217;assunzione giornaliera degli alimenti e il loro utilizzo che l&#8217;organismo pu\u00f2 mantenere integra la sua composizione chimico-cellulare, crescere, svilupparsi, resistere alle malattie, bilanciare le perdite, riprodursi &#8230; in altre parole vivere. Gli alimenti apportano energia, forniscono substrati con funzioni plastiche necessarie per la crescita e riparazioni tessutali, assicurano l&#8217;introduzione di molecole regolatrici di importanti reazioni chimiche.<\/p>\n<q class=\"text-big left-to-right shortcode-pullquote wf-cell align-left wf-1-3\"><p>Per tutti questi motivi la priorit\u00e0 non \u00e8 mangiare ma &#8230; mangiare bene!<\/p>\n<\/q>\n<p>La preoccupazione del &#8220;mangiar poco&#8221; si \u00e8 trasformata &#8220;per fortuna&#8221; in quella del &#8220;mangiar bene&#8221;. Siamo per natura delle macchine perfette, delle &#8220;fuoriserie&#8221; nelle quali \u00e8 fondamentale mettere il carburante giusto al momento giusto per poter ottenere le migliori prestazioni.<\/p>\n<div class=\"gap\" style=\"line-height: 20px; height: 20px;\"><\/div>\n<p>Tra gli errori pi\u00f9 comuni che facciamo si mangia troppo e male, si abusa di alcuni cibi notoriamente dannosi, si associano tra di loro sostanze sbagliate e si fa ancora poca attivit\u00e0 fisica. Tutto questo spiega l&#8217;incremento di patologie correlate all&#8217;obesit\u00e0 quali il diabete, ipertensione ed ipercolesterolemia. \u00c9 importante correggere tutto questo per consentire al nostro organismo di ritrovare lo stato di buona salute.<\/p>\n<\/div>\n<\/div>\n<\/div>\n<\/div>\n<\/div>\n<\/div>\n<\/div>\n<\/div>\n<p><!--vcv no format-->[\/vc_column_text][\/vc_column][\/vc_row]<\/p>\n<\/div>","protected":false},"excerpt":{"rendered":"<p>[vc_row][vc_column][vc_single_image image=&#8221;78&#8243; img_size=&#8221;full&#8221; alignment=&#8221;center&#8221;][vc_column_text] L&#8217;uomo pu\u00f2 essere definito come il prodotto della sua nutrizione: &#8220;Siamo quello che mangiamo&#8221;. \u00c9 attraverso l&#8217;assunzione giornaliera degli alimenti e il loro utilizzo che l&#8217;organismo pu\u00f2 mantenere integra la sua composizione chimico-cellulare, crescere, svilupparsi, resistere alle malattie, bilanciare le perdite, riprodursi &#8230; in altre parole vivere. Gli alimenti apportano energia,&hellip;<\/p>\n","protected":false},"author":1,"featured_media":0,"parent":0,"menu_order":0,"comment_status":"closed","ping_status":"closed","template":"","meta":{"footnotes":""},"_links":{"self":[{"href":"https:\/\/www.dottorezioscarpanti.it\/index.php?rest_route=\/wp\/v2\/pages\/14"}],"collection":[{"href":"https:\/\/www.dottorezioscarpanti.it\/index.php?rest_route=\/wp\/v2\/pages"}],"about":[{"href":"https:\/\/www.dottorezioscarpanti.it\/index.php?rest_route=\/wp\/v2\/types\/page"}],"author":[{"embeddable":true,"href":"https:\/\/www.dottorezioscarpanti.it\/index.php?rest_route=\/wp\/v2\/users\/1"}],"replies":[{"embeddable":true,"href":"https:\/\/www.dottorezioscarpanti.it\/index.php?rest_route=%2Fwp%2Fv2%2Fcomments&post=14"}],"version-history":[{"count":16,"href":"https:\/\/www.dottorezioscarpanti.it\/index.php?rest_route=\/wp\/v2\/pages\/14\/revisions"}],"predecessor-version":[{"id":285,"href":"https:\/\/www.dottorezioscarpanti.it\/index.php?rest_route=\/wp\/v2\/pages\/14\/revisions\/285"}],"wp:attachment":[{"href":"https:\/\/www.dottorezioscarpanti.it\/index.php?rest_route=%2Fwp%2Fv2%2Fmedia&parent=14"}],"curies":[{"name":"wp","href":"https:\/\/api.w.org\/{rel}","templated":true}]}}